{"id":8414,"date":"2020-10-14T23:03:59","date_gmt":"2020-10-15T04:03:59","guid":{"rendered":"https:\/\/l-a.legal\/intellectual-property\/"},"modified":"2025-01-23T17:46:27","modified_gmt":"2025-01-23T22:46:27","slug":"intellectual-property","status":"publish","type":"page","link":"https:\/\/l-a.legal\/en\/intellectual-property\/","title":{"rendered":"Intellectual Property"},"content":{"rendered":"","protected":false},"excerpt":{"rendered":"","protected":false},"author":1,"featured_media":0,"parent":0,"menu_order":0,"comment_status":"closed","ping_status":"closed","template":"","meta":{"_joinchat":[],"footnotes":""},"class_list":["post-8414","page","type-page","status-publish","hentry"],"yoast_head":"<!-- This site is optimized with the Yoast SEO plugin v25.1 - https:\/\/yoast.com\/wordpress\/plugins\/seo\/ -->\n<title>Intellectual Property - L-A Legal<\/title>\n<meta name=\"robots\" content=\"index, follow, max-snippet:-1, max-image-preview:large, max-video-preview:-1\" \/>\n<link rel=\"canonical\" href=\"https:\/\/l-a.legal\/en\/intellectual-property\/\" \/>\n<meta property=\"og:locale\" content=\"en_US\" \/>\n<meta property=\"og:type\" content=\"article\" \/>\n<meta property=\"og:title\" content=\"Intellectual Property - L-A Legal\" \/>\n<meta property=\"og:url\" content=\"https:\/\/l-a.legal\/en\/intellectual-property\/\" \/>\n<meta property=\"og:site_name\" content=\"L-A Legal\" \/>\n<meta property=\"article:modified_time\" content=\"2025-01-23T22:46:27+00:00\" \/>\n<meta name=\"twitter:card\" content=\"summary_large_image\" \/>\n<script type=\"application\/ld+json\" class=\"yoast-schema-graph\">{\"@context\":\"https:\/\/schema.org\",\"@graph\":[{\"@type\":\"WebPage\",\"@id\":\"https:\/\/l-a.legal\/en\/intellectual-property\/\",\"url\":\"https:\/\/l-a.legal\/en\/intellectual-property\/\",\"name\":\"Intellectual Property - L-A Legal\",\"isPartOf\":{\"@id\":\"https:\/\/l-a.legal\/#website\"},\"datePublished\":\"2020-10-15T04:03:59+00:00\",\"dateModified\":\"2025-01-23T22:46:27+00:00\",\"breadcrumb\":{\"@id\":\"https:\/\/l-a.legal\/en\/intellectual-property\/#breadcrumb\"},\"inLanguage\":\"en-US\",\"potentialAction\":[{\"@type\":\"ReadAction\",\"target\":[\"https:\/\/l-a.legal\/en\/intellectual-property\/\"]}]},{\"@type\":\"BreadcrumbList\",\"@id\":\"https:\/\/l-a.legal\/en\/intellectual-property\/#breadcrumb\",\"itemListElement\":[{\"@type\":\"ListItem\",\"position\":1,\"name\":\"Portada\",\"item\":\"https:\/\/l-a.legal\/en\/\"},{\"@type\":\"ListItem\",\"position\":2,\"name\":\"Intellectual Property\"}]},{\"@type\":\"WebSite\",\"@id\":\"https:\/\/l-a.legal\/#website\",\"url\":\"https:\/\/l-a.legal\/\",\"name\":\"L-A Legal\",\"description\":\"Abogados especialistas en litigio, controversias y resoluci\u00f3n de conflictos, con m\u00e1s de 15 a\u00f1os de experiencia\",\"publisher\":{\"@id\":\"https:\/\/l-a.legal\/#organization\"},\"potentialAction\":[{\"@type\":\"SearchAction\",\"target\":{\"@type\":\"EntryPoint\",\"urlTemplate\":\"https:\/\/l-a.legal\/?s={search_term_string}\"},\"query-input\":{\"@type\":\"PropertyValueSpecification\",\"valueRequired\":true,\"valueName\":\"search_term_string\"}}],\"inLanguage\":\"en-US\"},{\"@type\":\"Organization\",\"@id\":\"https:\/\/l-a.legal\/#organization\",\"name\":\"L-A Legal\",\"url\":\"https:\/\/l-a.legal\/\",\"logo\":{\"@type\":\"ImageObject\",\"inLanguage\":\"en-US\",\"@id\":\"https:\/\/l-a.legal\/#\/schema\/logo\/image\/\",\"url\":\"https:\/\/l-a.legal\/wp-content\/uploads\/2020\/10\/Logo-LAlegal.png\",\"contentUrl\":\"https:\/\/l-a.legal\/wp-content\/uploads\/2020\/10\/Logo-LAlegal.png\",\"width\":191,\"height\":159,\"caption\":\"L-A Legal\"},\"image\":{\"@id\":\"https:\/\/l-a.legal\/#\/schema\/logo\/image\/\"}}]}<\/script>\n<!-- \/ Yoast SEO plugin. -->","yoast_head_json":{"title":"Intellectual Property - L-A Legal","robots":{"index":"index","follow":"follow","max-snippet":"max-snippet:-1","max-image-preview":"max-image-preview:large","max-video-preview":"max-video-preview:-1"},"canonical":"https:\/\/l-a.legal\/en\/intellectual-property\/","og_locale":"en_US","og_type":"article","og_title":"Intellectual Property - L-A Legal","og_url":"https:\/\/l-a.legal\/en\/intellectual-property\/","og_site_name":"L-A Legal","article_modified_time":"2025-01-23T22:46:27+00:00","twitter_card":"summary_large_image","schema":{"@context":"https:\/\/schema.org","@graph":[{"@type":"WebPage","@id":"https:\/\/l-a.legal\/en\/intellectual-property\/","url":"https:\/\/l-a.legal\/en\/intellectual-property\/","name":"Intellectual Property - L-A Legal","isPartOf":{"@id":"https:\/\/l-a.legal\/#website"},"datePublished":"2020-10-15T04:03:59+00:00","dateModified":"2025-01-23T22:46:27+00:00","breadcrumb":{"@id":"https:\/\/l-a.legal\/en\/intellectual-property\/#breadcrumb"},"inLanguage":"en-US","potentialAction":[{"@type":"ReadAction","target":["https:\/\/l-a.legal\/en\/intellectual-property\/"]}]},{"@type":"BreadcrumbList","@id":"https:\/\/l-a.legal\/en\/intellectual-property\/#breadcrumb","itemListElement":[{"@type":"ListItem","position":1,"name":"Portada","item":"https:\/\/l-a.legal\/en\/"},{"@type":"ListItem","position":2,"name":"Intellectual Property"}]},{"@type":"WebSite","@id":"https:\/\/l-a.legal\/#website","url":"https:\/\/l-a.legal\/","name":"L-A Legal","description":"Abogados especialistas en litigio, controversias y resoluci\u00f3n de conflictos, con m\u00e1s de 15 a\u00f1os de experiencia","publisher":{"@id":"https:\/\/l-a.legal\/#organization"},"potentialAction":[{"@type":"SearchAction","target":{"@type":"EntryPoint","urlTemplate":"https:\/\/l-a.legal\/?s={search_term_string}"},"query-input":{"@type":"PropertyValueSpecification","valueRequired":true,"valueName":"search_term_string"}}],"inLanguage":"en-US"},{"@type":"Organization","@id":"https:\/\/l-a.legal\/#organization","name":"L-A Legal","url":"https:\/\/l-a.legal\/","logo":{"@type":"ImageObject","inLanguage":"en-US","@id":"https:\/\/l-a.legal\/#\/schema\/logo\/image\/","url":"https:\/\/l-a.legal\/wp-content\/uploads\/2020\/10\/Logo-LAlegal.png","contentUrl":"https:\/\/l-a.legal\/wp-content\/uploads\/2020\/10\/Logo-LAlegal.png","width":191,"height":159,"caption":"L-A Legal"},"image":{"@id":"https:\/\/l-a.legal\/#\/schema\/logo\/image\/"}}]}},"_links":{"self":[{"href":"https:\/\/l-a.legal\/en\/wp-json\/wp\/v2\/pages\/8414","targetHints":{"allow":["GET"]}}],"collection":[{"href":"https:\/\/l-a.legal\/en\/wp-json\/wp\/v2\/pages"}],"about":[{"href":"https:\/\/l-a.legal\/en\/wp-json\/wp\/v2\/types\/page"}],"author":[{"embeddable":true,"href":"https:\/\/l-a.legal\/en\/wp-json\/wp\/v2\/users\/1"}],"replies":[{"embeddable":true,"href":"https:\/\/l-a.legal\/en\/wp-json\/wp\/v2\/comments?post=8414"}],"version-history":[{"count":2,"href":"https:\/\/l-a.legal\/en\/wp-json\/wp\/v2\/pages\/8414\/revisions"}],"predecessor-version":[{"id":8527,"href":"https:\/\/l-a.legal\/en\/wp-json\/wp\/v2\/pages\/8414\/revisions\/8527"}],"wp:attachment":[{"href":"https:\/\/l-a.legal\/en\/wp-json\/wp\/v2\/media?parent=8414"}],"curies":[{"name":"wp","href":"https:\/\/api.w.org\/{rel}","templated":true}]}}